{"id":9783,"date":"2016-06-28T01:40:45","date_gmt":"2016-06-28T00:40:45","guid":{"rendered":"https:\/\/recreacionhistoria.com\/contacto\/"},"modified":"2023-08-30T21:25:15","modified_gmt":"2023-08-30T20:25:15","slug":"contacto","status":"publish","type":"page","link":"https:\/\/recreacionhistoria.com\/gl\/contacto\/","title":{"rendered":"Contacto"},"content":{"rendered":"<div class=\"wpb-content-wrapper\"><p>[vc_row full_width=&#8221;stretch_row_content&#8221;][vc_column css=&#8221;.vc_custom_1625432884649{background-image: url(https:\/\/recreacionhistoria.com\/wp-content\/uploads\/2021\/07\/recreacion-historia-contemporanea-romanos.jpeg?id=8555) !important;background-position: center !important;background-repeat: no-repeat !important;background-size: cover !important;}&#8221;][vc_column_text css=&#8221;.vc_custom_1638043146369{margin-top: 30px !important;margin-right: 100px !important;margin-bottom: 60px !important;margin-left: 100px !important;padding-top: 60px !important;padding-right: 20px !important;padding-bottom: 60px !important;padding-left: 20px !important;background-color: #f7f7f7 !important;}&#8221;]<\/p>\n<h1 style=\"text-align: center;\">Contacta connosco<\/h1>\n<div style=\"text-align: center;\">Se queres po\u00f1erte en contacto connosco, xa sexa para realizar unha consulta, suxesti\u00f3n ou achega, podes facelo a trav\u00e9s de contacto@recreacionhistoria.com, ou ben cubrindo o seguinte formulario. Grazas polo teu interese!<\/div>\n<p>[\/vc_column_text][\/vc_column][\/vc_row][vc_row css=&#8221;.vc_custom_1625432907715{margin-top: 50px !important;margin-right: 150px !important;margin-left: 150px !important;}&#8221;][vc_column][vc_raw_html]JTVCY29udGFjdC1mb3JtLTclMjBpZCUzRCUyMjZkMzBjNDYlMjIlMjB0aXRsZSUzRCUyMkZvcm11bGFyaW8lMjIlNUQ=[\/vc_raw_html][\/vc_column][\/vc_row]<\/p>\n<\/div>","protected":false},"excerpt":{"rendered":"<p>[vc_row full_width=&#8221;stretch_row_content&#8221;][vc_column css=&#8221;.vc_custom_1625432884649{background-image: url(https:\/\/recreacionhistoria.com\/wp-content\/uploads\/2021\/07\/recreacion-historia-contemporanea-romanos.jpeg?id=8555) !important;background-position: center !important;background-repeat: no-repeat !important;background-size: cover !important;}&#8221;][vc_column_text css=&#8221;.vc_custom_1638043146369{margin-top: 30px !important;margin-right: 100px !important;margin-bottom: 60px !important;margin-left: 100px !important;padding-top: 60px !important;padding-right: 20px !important;padding-bottom: 60px !important;padding-left: 20px !important;background-color: #f7f7f7 !important;}&#8221;] Contacta connosco Se queres po\u00f1erte en contacto connosco, xa sexa para realizar unha consulta, suxesti\u00f3n ou achega, podes facelo a trav\u00e9s de contacto@recreacionhistoria.com, ou ben&hellip;<\/p>\n","protected":false},"author":2,"featured_media":0,"parent":0,"menu_order":4,"comment_status":"closed","ping_status":"closed","template":"","meta":{"_monsterinsights_skip_tracking":false,"_monsterinsights_sitenote_active":false,"_monsterinsights_sitenote_note":"","_monsterinsights_sitenote_category":0,"footnotes":""},"class_list":["post-9783","page","type-page","status-publish","hentry","description-off"],"_hostinger_reach_plugin_has_subscription_block":false,"_hostinger_reach_plugin_is_elementor":false,"_links":{"self":[{"href":"https:\/\/recreacionhistoria.com\/gl\/wp-json\/wp\/v2\/pages\/9783","targetHints":{"allow":["GET"]}}],"collection":[{"href":"https:\/\/recreacionhistoria.com\/gl\/wp-json\/wp\/v2\/pages"}],"about":[{"href":"https:\/\/recreacionhistoria.com\/gl\/wp-json\/wp\/v2\/types\/page"}],"author":[{"embeddable":true,"href":"https:\/\/recreacionhistoria.com\/gl\/wp-json\/wp\/v2\/users\/2"}],"replies":[{"embeddable":true,"href":"https:\/\/recreacionhistoria.com\/gl\/wp-json\/wp\/v2\/comments?post=9783"}],"version-history":[{"count":2,"href":"https:\/\/recreacionhistoria.com\/gl\/wp-json\/wp\/v2\/pages\/9783\/revisions"}],"predecessor-version":[{"id":14326,"href":"https:\/\/recreacionhistoria.com\/gl\/wp-json\/wp\/v2\/pages\/9783\/revisions\/14326"}],"wp:attachment":[{"href":"https:\/\/recreacionhistoria.com\/gl\/wp-json\/wp\/v2\/media?parent=9783"}],"curies":[{"name":"wp","href":"https:\/\/api.w.org\/{rel}","templated":true}]}}