{"id":3906,"date":"2019-01-27T20:56:42","date_gmt":"2019-01-27T20:56:42","guid":{"rendered":"https:\/\/recreacionhistoria.com\/bienvenida\/"},"modified":"2021-12-02T14:42:21","modified_gmt":"2021-12-02T13:42:21","slug":"bienvenida","status":"publish","type":"page","link":"https:\/\/recreacionhistoria.com\/gl\/bienvenida\/","title":{"rendered":"Bienvenida Newsletter"},"content":{"rendered":"<div class=\"wpb-content-wrapper\"><p>[vc_row][vc_column][vc_column_text]<\/p>\n<h1 style=\"text-align: center;\">Te suscribiches ao noso bolet\u00edn informativo! \u00a1Benvido!<\/h1>\n<p>[\/vc_column_text][vc_separator el_width=&#8221;80&#8243;][vc_column_text]<\/p>\n<h4 style=\"text-align: center;\"><span style=\"color: #808080;\">Peri\u00f3dicamente, remitir\u00e9mosche un correo electr\u00f3nico \u00e1 direcci\u00f3n que rexistraches coas novas publicaci\u00f3ns do Blog recreacionhistoria.com<br \/>\nGrazas pola t\u00faa atenci\u00f3n e participaci\u00f3n.<\/span><\/h4>\n<p>&nbsp;[\/vc_column_text][\/vc_column][\/vc_row]<\/p>\n<\/div>","protected":false},"excerpt":{"rendered":"<p>[vc_row][vc_column][vc_column_text] Te suscribiches ao noso bolet\u00edn informativo! \u00a1Benvido! [\/vc_column_text][vc_separator el_width=&#8221;80&#8243;][vc_column_text] Peri\u00f3dicamente, remitir\u00e9mosche un correo electr\u00f3nico \u00e1 direcci\u00f3n que rexistraches coas novas publicaci\u00f3ns do Blog recreacionhistoria.com Grazas pola t\u00faa atenci\u00f3n e participaci\u00f3n. &nbsp;[\/vc_column_text][\/vc_column][\/vc_row]<\/p>\n","protected":false},"author":5,"featured_media":0,"parent":0,"menu_order":0,"comment_status":"closed","ping_status":"closed","template":"","meta":{"_monsterinsights_skip_tracking":false,"_monsterinsights_sitenote_active":false,"_monsterinsights_sitenote_note":"","_monsterinsights_sitenote_category":0,"footnotes":""},"class_list":["post-3906","page","type-page","status-publish","hentry","description-off"],"_hostinger_reach_plugin_has_subscription_block":false,"_hostinger_reach_plugin_is_elementor":false,"_links":{"self":[{"href":"https:\/\/recreacionhistoria.com\/gl\/wp-json\/wp\/v2\/pages\/3906","targetHints":{"allow":["GET"]}}],"collection":[{"href":"https:\/\/recreacionhistoria.com\/gl\/wp-json\/wp\/v2\/pages"}],"about":[{"href":"https:\/\/recreacionhistoria.com\/gl\/wp-json\/wp\/v2\/types\/page"}],"author":[{"embeddable":true,"href":"https:\/\/recreacionhistoria.com\/gl\/wp-json\/wp\/v2\/users\/5"}],"replies":[{"embeddable":true,"href":"https:\/\/recreacionhistoria.com\/gl\/wp-json\/wp\/v2\/comments?post=3906"}],"version-history":[{"count":6,"href":"https:\/\/recreacionhistoria.com\/gl\/wp-json\/wp\/v2\/pages\/3906\/revisions"}],"predecessor-version":[{"id":9918,"href":"https:\/\/recreacionhistoria.com\/gl\/wp-json\/wp\/v2\/pages\/3906\/revisions\/9918"}],"wp:attachment":[{"href":"https:\/\/recreacionhistoria.com\/gl\/wp-json\/wp\/v2\/media?parent=3906"}],"curies":[{"name":"wp","href":"https:\/\/api.w.org\/{rel}","templated":true}]}}