{"id":10966,"date":"2022-04-07T16:44:20","date_gmt":"2022-04-07T15:44:20","guid":{"rendered":"https:\/\/recreacionhistoria.com\/?page_id=10966"},"modified":"2022-04-07T16:47:08","modified_gmt":"2022-04-07T15:47:08","slug":"sobre-o-blog","status":"publish","type":"page","link":"https:\/\/recreacionhistoria.com\/gl\/sobre-o-blog\/","title":{"rendered":"Sobre o Blog"},"content":{"rendered":"<div class=\"wpb-content-wrapper\"><p>[vc_row css=&#8221;.vc_custom_1646165877866{margin-top: 50px !important;}&#8221;][vc_column][vc_column_text]Benvidos!<\/p>\n<p>O Blog Recreaci\u00f3n da Historia \u00e9 unha fiestra mediante a cal poder asomarse ao mundo da Historia, ao mundo das pequenas historias da vida social, pol\u00edtica, cultural, literaria, art\u00edstica, musical, patrimonio natural, das crenzas, costumes, curiosidades, etc.<\/p>\n<p>As persoas debemos actuar como albaceas da historia, a fin de que non se perdan as nosas ra\u00edces e co\u00f1ecer, por exemplo, o porqu\u00e9 de moitas dos nosos costumes, a nosa organizaci\u00f3n social ou a nosa forma de vida. O ser humano o \u00e9 en tanto sabe ou debese saber de onde v\u00e9n e, por tanto, ten a posibilidade de aprender do pasado.<\/p>\n<p>Vivir a historia \u00e9 unha posible fonte de felicidade, por iso animamos a todos os nosos lectores a ter curiosidade, a ler sobre ela, xa sexan monograf\u00edas, novelas hist\u00f3rica ou calquera outro formato,\u00a0 asistir a conferencias, cursos, ver pel\u00edculas de tem\u00e1tica hist\u00f3rica, asistir a exposici\u00f3ns, investigar, debater, participar en eventos de recreaci\u00f3n hist\u00f3rica, \u2026\u00a0 Fiestras a trav\u00e9s das cales ampliar o noso mundo m\u00e1is pr\u00f3ximo e atopar, sen d\u00fabida, focos de atenci\u00f3n que nos far\u00e1n m\u00e1is felices. A curiosidade \u00e9 o motor da aprendizaxe, e coa aprendizaxe todos sentimos, sen d\u00fabida, m\u00e1is realizados.<\/p>\n<p>Neste Blog atoparedes pequenas p\u00edlulas divulgativas e tam\u00e9n informaci\u00f3n sobre os eventos de recreaci\u00f3n hist\u00f3rica que, periodicamente, progr\u00e1manse no noroeste peninsular.<\/p>\n<p>Todas as publicaci\u00f3ns te\u00f1en un contido sinxelo, con pretensi\u00f3ns did\u00e1cticas e pretende achegar unha visi\u00f3n complementaria, m\u00e1is pr\u00f3xima e m\u00e1is atractiva do tem\u00e1tica obxecto de cada unha delas.<\/p>\n<p>N\u00f3s, os administradores deste Blog, somos unha familia coru\u00f1esa, \u00e1vidos estudiosos sobre a Historia, que procuramos complementar os nosos co\u00f1ecementos m\u00e1is al\u00f3 dos estudos que realizamos en Historia e Arte. Ademais, somos habituais participantes, nun bo n\u00famero de eventos de recreaci\u00f3n hist\u00f3rica na nosa contorna m\u00e1is ou menos pr\u00f3xima.<\/p>\n<p>Anim\u00e1mosvos a seguirnos, subscribirvos gratuitamente (o que vos permitir\u00e1 recibir informaci\u00f3n periodicamente), comentar as nosas publicaci\u00f3ns e facernos chegar cantas informaci\u00f3ns ou suxesti\u00f3ns consideredes oportunas.<\/p>\n<p>Grazas pola vosa atenci\u00f3n.<\/p>\n<p>Sa\u00fados cordiais.[\/vc_column_text][\/vc_column][\/vc_row][vc_row][vc_column]<div class=\"dt-fancy-separator h2-size accent-title-color\" style=\"width: 100%;\"><div class=\"dt-fancy-title\"><span class=\"separator-holder separator-left\"><\/span>\u00daltimas publicaci\u00f3ns<span class=\"separator-holder separator-right\"><\/span><\/div><\/div>[vc_basic_grid post_type=&#8221;post&#8221; max_items=&#8221;6&#8243; grid_id=&#8221;vc_gid:1649346353391-697363f7-a5de-9&#8243;][\/vc_column][\/vc_row]<\/p>\n<\/div>","protected":false},"excerpt":{"rendered":"<p>[vc_row css=&#8221;.vc_custom_1646165877866{margin-top: 50px !important;}&#8221;][vc_column][vc_column_text]Benvidos! O Blog Recreaci\u00f3n da Historia \u00e9 unha fiestra mediante a cal poder asomarse ao mundo da Historia, ao mundo das pequenas historias da vida social, pol\u00edtica, cultural, literaria, art\u00edstica, musical, patrimonio natural, das crenzas, costumes, curiosidades, etc. As persoas debemos actuar como albaceas da historia, a fin de que non se&hellip;<\/p>\n","protected":false},"author":5,"featured_media":0,"parent":0,"menu_order":0,"comment_status":"closed","ping_status":"closed","template":"","meta":{"_monsterinsights_skip_tracking":false,"_monsterinsights_sitenote_active":false,"_monsterinsights_sitenote_note":"","_monsterinsights_sitenote_category":0,"footnotes":""},"class_list":["post-10966","page","type-page","status-publish","hentry","description-off"],"_hostinger_reach_plugin_has_subscription_block":false,"_hostinger_reach_plugin_is_elementor":false,"_links":{"self":[{"href":"https:\/\/recreacionhistoria.com\/gl\/wp-json\/wp\/v2\/pages\/10966","targetHints":{"allow":["GET"]}}],"collection":[{"href":"https:\/\/recreacionhistoria.com\/gl\/wp-json\/wp\/v2\/pages"}],"about":[{"href":"https:\/\/recreacionhistoria.com\/gl\/wp-json\/wp\/v2\/types\/page"}],"author":[{"embeddable":true,"href":"https:\/\/recreacionhistoria.com\/gl\/wp-json\/wp\/v2\/users\/5"}],"replies":[{"embeddable":true,"href":"https:\/\/recreacionhistoria.com\/gl\/wp-json\/wp\/v2\/comments?post=10966"}],"version-history":[{"count":4,"href":"https:\/\/recreacionhistoria.com\/gl\/wp-json\/wp\/v2\/pages\/10966\/revisions"}],"predecessor-version":[{"id":10971,"href":"https:\/\/recreacionhistoria.com\/gl\/wp-json\/wp\/v2\/pages\/10966\/revisions\/10971"}],"wp:attachment":[{"href":"https:\/\/recreacionhistoria.com\/gl\/wp-json\/wp\/v2\/media?parent=10966"}],"curies":[{"name":"wp","href":"https:\/\/api.w.org\/{rel}","templated":true}]}}